{"id":10963,"date":"2023-02-07T10:47:24","date_gmt":"2023-02-07T09:47:24","guid":{"rendered":"https:\/\/summercamp.modenavolley.it\/privacy-policy\/"},"modified":"2024-01-15T18:38:24","modified_gmt":"2024-01-15T17:38:24","slug":"privacy-policy","status":"publish","type":"page","link":"https:\/\/summercamp.modenavolley.it\/en\/privacy-policy\/","title":{"rendered":"Privacy Policy"},"content":{"rendered":"<div class=\"wpb-content-wrapper\"><p>[vc_row row_height_percent=&#8221;0&#8243; override_padding=&#8221;yes&#8221; h_padding=&#8221;2&#8243; top_padding=&#8221;5&#8243; bottom_padding=&#8221;3&#8243; overlay_alpha=&#8221;100&#8243; gutter_size=&#8221;3&#8243; column_width_percent=&#8221;100&#8243; shift_y=&#8221;0&#8243; z_index=&#8221;0&#8243; row_height_use_pixel=&#8221;&#8221;][vc_column column_width_use_pixel=&#8221;yes&#8221; gutter_size=&#8221;3&#8243; overlay_alpha=&#8221;50&#8243; shift_x=&#8221;0&#8243; shift_y=&#8221;0&#8243; medium_width=&#8221;0&#8243; zoom_width=&#8221;0&#8243; zoom_height=&#8221;0&#8243; column_width_pixel=&#8221;800&#8243;][vc_custom_heading auto_text=&#8221;yes&#8221; heading_semantic=&#8221;h1&#8243; text_size=&#8221;bigtext&#8221; uncode_shortcode_id=&#8221;291167&#8243; subheading=&#8221;INFORMATIVA ESTESA AI SENSI DEGLI ARTT. 12, 13 E, OCCORRENDO, 14 DEL GDPR \u2013 REGOLAMENTO (UE) 2016\/679 RELATIVO ALLA PROTEZIONE DELLE PERSONE FISICHE, CON RIGUARDO AL TRATTAMENTO DEI DATI PERSONALI (DI SEGUITO IL GDPR)&#8221;]This is a custom heading element.[\/vc_custom_heading][vc_column_text uncode_shortcode_id=&#8221;626796&#8243;]Modena Volley Punto Zero S.s.d. a r.l. riporta, di seguito, l\u2019Informativa ai sensi degli artt. 12, 13 e, occorrendo, 14 del GDPR relativa al trattamento dei dati personali forniti dal Cliente\/interessato tramite la compilazione e sottoscrizione del Contratto per acquistare i prodotti\/servizi offerti in vendita da Modena Volley Punto Zero S.s.d. a r.l. stessa, caricando spontaneamente in questo sito web dati personali (in particolare attraverso la compilazione di form) o semplicemente navigando in esso.<\/p>\n<p>Titolare del trattamento dei dati personali e dati di contattoTitolare del trattamento \u00e8 Modena Volley Punto Zero S.s.d. a r.l., con sede in 41121 Modena (MO), Corso Canalgrande n. 27, C.F. e P.I. 03520410360, tel. 059 4821911, fax 059 4821999, e-mail\u00a0privacy@modenavolley.it, web www.modenavolley.it (di seguito il Sito).<br \/>\nPrincipi applicabili al trattamentoConformemente a quanto prescritto dal GDPR, Modena Volley Punto Zero S.s.d. a r.l. si adopera costantemente affinch\u00e9 i dati personali siano:<\/p>\n<p>(a) trattati in modo lecito, corretto e trasparente;<br \/>\n(b) raccolti per finalit\u00e0 determinate, esplicite e legittime, e successivamente trattati in modo che non sia incompatibile con tali finalit\u00e0;<br \/>\n(c) adeguati, pertinenti e limitati a quanto necessario rispetto alle finalit\u00e0 per le quali sono trattati;<br \/>\n(d) esatti e, se necessario, aggiornati;<br \/>\n(e) conservati per un arco di tempo non superiore al conseguimento delle finalit\u00e0 per le quali sono trattati;<br \/>\n(f) trattati, mediante misure tecniche e organizzative adeguate, in maniera da garantirne la sicurezza;<br \/>\n(g) trattati, qualora in forza di consenso, per decisione liberamente assunta dal Cliente\/interessato, sulla base di richiesta presentata in modo chiaramente distinguibile dal resto, in forma comprensibile e facilmente accessibile, utilizzando un linguaggio semplice e chiaro.<\/p>\n<p>Modena Volley Punto Zero S.s.d. a r.l. adotta misure tecniche e organizzative adeguate al fine di assicurare la protezione dei dati personali fin dalla progettazione e per garantire che siano trattati, per impostazione predefinita, solo i dati necessari per ogni specifica finalit\u00e0 di trattamento.<\/p>\n<p>Modena Volley Punto Zero S.s.d. a r.l. raccoglie e tiene nella massima considerazione indicazioni, osservazioni e pareri del Cliente\/interessato trasmessi ai recapiti sopra riportati, al fine di implementare un sistema di privacy management dinamico che assicuri effettiva protezione delle persone, con riguardo al trattamento dei loro dati.<\/p>\n<p>La presente Informativa pu\u00f2 subire modifiche, in coerenza con l\u2019evoluzione della normativa di riferimento e delle misure tecniche e organizzative via via adottate da Modena Volley Punto Zero S.s.d. a r.l.; il Cliente\/interessato \u00e8, dunque, pregato di visitare periodicamente la presente sezione del Sito (o quella di analogo contenuto su altre applicazioni social o web di Modena Volley Punto Zero S.s.d. a r.l.), per prendere visione degli aggiornamenti e dell\u2019Informativa nel testo tempo per tempo vigente.<\/p>\n<p>Modalit\u00e0 del trattamento dei dati personaliIl trattamento dei dati personali viene effettuato manualmente e con strumenti elettronici, con logiche strettamente correlate alle finalit\u00e0 di seguito indicate e, comunque, in modo da garantire la sicurezza e la riservatezza dei dati stessi.<br \/>\nFinalit\u00e0 del trattamento dei dati personali(4a) Finalit\u00e0 per cui il trattamento dei dati \u00e8 necessario<\/p>\n<p>I dati personali forniti dal Cliente\/interessato sono principalmente trattati per l&#8217;esecuzione del Contratto e la gestione del credito e, pi\u00f9 in generale, del rapporto nascente dal Contratto stesso.<\/p>\n<p>Il conferimento dei dati nel Contratto o in seguito, nel corso del rapporto contrattuale, per le finalit\u00e0 di trattamento in parola \u00e8 obbligatorio; pertanto, il mancato, parziale o inesatto conferimento di tali dati rende impossibile la stipula e\/o l\u2019esecuzione del Contratto e, per il Cliente\/interessato, usufruire dei prodotti\/servizi offerti da Modena Volley Punto Zero S.s.d. a r.l., potenzialmente esponendo il Cliente\/interessato medesimo a responsabilit\u00e0 per inadempimento contrattuale.<\/p>\n<p>I dati personali forniti dal Cliente\/interessato possono, altres\u00ec, formare oggetto di trattamento se ci\u00f2 \u00e8 necessario per adempiere un obbligo legale al quale fosse soggetta Modena Volley Punto Zero S.s.d. a r.l., per la salvaguardia degli interessi vitali del Cliente\/interessato o di un\u2019altra persona fisica, per l\u2019esecuzione di un compito di interesse pubblico o connesso all&#8217;esercizio di pubblici poteri di cui fosse investita Modena Volley Punto Zero S.s.d. a r.l., ovvero per il perseguimento del legittimo interesse di Modena Volley Punto Zero S.s.d. a r.l. stessa o di terzi, a condizione che non prevalgano gli interessi o i diritti e le libert\u00e0 fondamentali del Cliente\/interessato; anche in questi casi, il conferimento dei dati \u00e8 obbligatorio e, pertanto, la mancata, parziale o inesatta comunicazione dei dati pu\u00f2 esporre il Cliente\/interessato a eventuali responsabilit\u00e0 e sanzioni previste dall&#8217;Ordinamento giuridico.<\/p>\n<p>(4b) Ulteriori finalit\u00e0 del trattamento a seguito di specifico ed espresso consenso del Cliente\/interessato<\/p>\n<p>Oltre che per le finalit\u00e0 di trattamento di cui sopra, i dati personali conferiti possono essere trattati, previo consenso del Cliente\/interessato (salvo quanto di seguito specificato con riferimento al cosiddetto soft spam), da esprimere selezionando la casella &lt;&gt; sul Contratto o sul Sito (o utilizzando altre applicazioni social o web di Modena Volley Punto Zero S.s.d. a r.l.), anche per lo svolgimento di indagini di mercato e per effettuare comunicazioni commerciali e promozionali, tramite telefono (anche utilizzando il numero di cellulare fornito) e sistemi automatizzati di contatto (e-mail, sms, mms, fax, ecc.), su prodotti\/servizi di Modena Volley Punto Zero S.s.d. a r.l., compresi inviti a eventi, meeting, ecc..<\/p>\n<p>Il consenso per le finalit\u00e0 di trattamento di cui al presente punto (4b) \u00e8 facoltativo; pertanto, a seguito di eventuale diniego, i dati saranno trattati per le sole finalit\u00e0 indicate al precedente punto (4a), salvo quanto di seguito specificato con riferimento agli interessi legittimi del titolare del trattamento o di terzi.<\/p>\n<p>Categorie di dati personali trattatiModena Volley Punto Zero S.s.d. a r.l. tratta principalmente dati identificativi\/di contatto (nome, cognome, indirizzi, tipo e numero di documenti di riconoscimento, numeri di telefono, anche mobile, indirizzi e-mail, di natura fiscale\/di fatturazione, salvo altri) e dati finanziari (di natura bancaria, in particolare identificativi di conti correnti, numeri di carte di credito, salvo altri connessi alle transazioni commerciali), oltre, potenzialmente, ai dati di navigazione sul Sito, di cui infra.<br \/>\nIl trattamento che Modena Volley Punto Zero S.s.d. a r.l. effettua, tanto per l\u2019esecuzione del Contratto quanto in forza di espresso consenso del Cliente\/interessato, non riguarda, generalmente, categorie particolari di dati personali, conosciuti come sensibili (che rivelino l\u2019origine razziale o etnica, le\u00a0opinioni politiche, le convinzioni religiose, lo stato di salute o l\u2019orientamento sessuale, ecc.), n\u00e9 dati genetici e biometrici o dati cosiddetti giudiziari (relativi a condanne penali e reati).<\/p>\n<p>Tuttavia, non pu\u00f2 escludersi che Modena Volley Punto Zero S.s.d. a r.l., al fine di eseguire le obbligazioni discendenti dal Contratto e\/o per adempiere obblighi di legge, debba conservare e\/o abbia la necessit\u00e0 di trattare dati sensibili, genetici e biometrici o giudiziari, del Cliente\/interessato o di terzi, di cui il Cliente\/interessato disponga in qualit\u00e0 di titolare del trattamento; nell&#8217;ipotesi in parola: (i) il trattamento ad opera di Modena Volley Punto Zero S.s.d. a r.l. avviene in forza, alle condizioni e nei limiti di cui alla nomina della stessa Modena Volley Punto Zero S.s.d. a r.l. a responsabile del trattamento, contenuta nel Contratto sottoscritto o in separato documento; (ii) il Cliente\/interessato opera, quindi, quale titolare del trattamento, assumendosi tutti gli obblighi e le<br \/>\nresponsabilit\u00e0 di legge (con riferimento, in particolare, all&#8217;esistenza di idonea base giuridica che legittimi il trattamento), espressamente manlevando integralmente Modena Volley Punto Zero S.s.d. a r.l. da ogni contestazione, pretesa, richiesta risarcitoria che dovesse pervenire da detti terzi, i cui dati sono trattati per effetto dell\u2019utilizzo, da parte del Cliente medesimo, dei prodotti\/servizi forniti da Modena Volley Punto Zero S.s.d. a r.l..<\/p>\n<p>Modena Volley Punto Zero S.s.d. a r.l. pu\u00f2 trattare altres\u00ec, con riferimento al Sito (o ad altre applicazioni social o web di Modena Volley Punto Zero S.s.d. a r.l. stessa), anche dati di navigazione, solitamente comunque solo in forma aggregata\/statistica. I sistemi informatici e le procedure software preposte al funzionamento dei siti internet acquisiscono, nel corso del loro normale esercizio, alcuni dati personali, la cui trasmissione \u00e8 implicita nell&#8217;uso di protocolli di comunicazione di internet. Si tratta di informazioni che non sono raccolte per essere associate a soggetti identificati, ma che, per la loro stessa natura, potrebbero permettere di identificare l\u2019interessato. Ci\u00f2 pu\u00f2 avvenire anche tramite incrocio dei dati tra funzionalit\u00e0 diverse, cookies o utilizzando tecniche di identificazione differenti (cosiddetto fingerprinting), che si basano sul trattamento anche solo di informazioni o parti di informazioni che non sono, o non sono ancora, dati personali, ma che, poste in associazione tra loro ovvero con altre informazioni, anche nella disponibilit\u00e0 di terzi, possono diventarlo, con l\u2019obiettivo di pervenire all&#8217;identificazione inequivoca del terminale (cosiddetto single out) e, per il suo tramite, anche del profilo di uno o pi\u00f9 utilizzatori di quel dispositivo. In questa categoria di informazioni rientrano dati di geolocalizzazione, indirizzi IP, tipo di browser, sistema operativo, nome di dominio e indirizzi di siti web dai quali \u00e8 stato effettuato l\u2019accesso o l\u2019uscita, informazioni sulle pagine visitate dagli utenti all&#8217;interno del sito, orario d\u2019accesso, permanenza sulla singola pagina, analisi di percorso interno ed altri parametri relativi al sistema operativo e all&#8217;ambiente informatico dell\u2019utente. Si tratta, dunque, di informazioni che, per loro stessa natura, consentono, attraverso elaborazioni ed associazioni anche con dati detenuti da terzi, di identificare gli utenti.<\/p>\n<p>Sul Sito pu\u00f2, poi, essere fatto uso di cookies, sia di sessione (che non vengono memorizzati sul computer dell\u2019interessato e svaniscono con la chiusura del browser) che persistenti, per la\u00a0trasmissione di informazioni di carattere personale, ovvero comunque di sistemi per il tracciamento degli interessati. Si rimanda, in proposito, anche alla cookie policy, pubblicata sul Sito.<\/p>\n<p>Fonte dei dati personaliI dati personali che Modena Volley Punto Zero S.s.d. a r.l. tratta sono raccolti direttamente da Modena Volley Punto Zero S.s.d. a r.l. stessa presso il Cliente\/interessato al momento della, e durante la, navigazione di questo sul Sito (o utilizzando altre applicazioni social o web di Modena Volley Punto\u00a0Zero S.s.d. a r.l.), ovvero in occasione della, o successivamente alla, sottoscrizione del Contratto, in fase di esecuzione del medesimo, ovvero da fonti pubbliche.<br \/>\nInteressi legittimiI legittimi interessi del titolare del trattamento o di terzi possono costituire valida base giuridica del trattamento, a condizione che non prevalgano gli interessi o i diritti e le libert\u00e0 fondamentali dell\u2019interessato. In generale, possono sussistere tali legittimi interessi quando esiste una relazione pertinente e appropriata tra titolare del trattamento e interessato, ad esempio quando l\u2019interessato \u00e8 un cliente del titolare. Costituisce, in particolare, legittimo interesse di Modena Volley Punto Zero S.s.d. a r.l. trattare dati personali del Cliente\/interessato: a fini di prevenzione delle frodi, per finalit\u00e0 di marketing diretto nei confronti di gi\u00e0 clienti (via e-mail, per prodotti\/servizi analoghi a quelli acquistati in precedenza), ovvero relativi al traffico, al fine di garantire la sicurezza delle reti e dell\u2019informazione, vale a dire la capacit\u00e0 di una rete o di un sistema di resistere a eventi imprevisti o ad atti illeciti che possano compromettere la disponibilit\u00e0, l\u2019autenticit\u00e0, l\u2019integrit\u00e0 e la riservatezza dei dati.<br \/>\nCircolazione dei dati personali(8a) Comunicazione dei dati personali &#8211; categorie di destinatari<br \/>\nOltre che, potenzialmente, da dipendenti e collaboratori a vario titolo di Modena Volley Punto Zero S.s.d. a r.l. (che sono da Modena Volley Punto Zero S.s.d. a r.l. stessa autorizzati al trattamento in forza di adeguate istruzioni operative scritte, al fine di poter garantire la riservatezza e la sicurezza dei dati), alcune operazioni di trattamento possono essere effettuate anche da soggetti terzi, ai quali Modena Volley Punto Zero S.s.d. a r.l. affida talune attivit\u00e0, o parte di esse, funzionali alle finalit\u00e0 di cui al punto (4a), dunque tanto in esecuzione di obblighi contrattuali quanto legali, tra cui meritano menzione, a titolo comunque, inevitabilmente, non esaustivo: partners commerciali e\/o tecnici; societ\u00e0 che prestano servizi bancari e finanziari; societ\u00e0 che svolgono servizi di archiviazione di documenti; societ\u00e0 di recupero crediti; societ\u00e0 di revisione contabile e di certificazione dei bilanci; societ\u00e0 di rating; soggetti che svolgono, a favore di Modena Volley Punto Zero S.s.d. a r.l., attivit\u00e0 di assistenza e consulenza professionale; societ\u00e0 che effettuano attivit\u00e0 di customer care; societ\u00e0 di factoring, di\u00a0cartolarizzazione dei crediti o ad altro titolo cessionarie dei crediti; soggetti che forniscono informazioni commerciali; societ\u00e0 di servizi informatici. I soggetti appartenenti alle predette categorie trattano i dati personali medesimi in qualit\u00e0 di autonomi titolari del trattamento, ovvero, solitamente, in qualit\u00e0 di responsabili del trattamento, con riferimento a specifiche operazioni di trattamento che rientrano nelle prestazioni contrattuali che i soggetti medesimi eseguono a favore\/nell&#8217;interesse di Modena Volley Punto Zero S.s.d. a r.l.; ai responsabili del trattamento Modena Volley Punto Zero S.s.d. a r.l. impartisce adeguate istruzioni operative scritte, con particolare riferimento all&#8217;adozione delle misure adeguate di sicurezza, al fine di poter garantire la riservatezza e la sicurezza dei dati.<\/p>\n<p>Alcune operazioni di trattamento possono essere effettuate da soggetti terzi, ai quali Modena Volley Punto Zero S.s.d. a r.l. affida talune attivit\u00e0, o parte di esse, anche funzionalmente alle finalit\u00e0 di cui al punto (4b), tra cui meritano menzione, a titolo comunque, inevitabilmente, non esaustivo: partners commerciali e\/o tecnici; societ\u00e0 che prestano istituzionalmente servizi di marketing; agenzie pubblicitarie; soggetti che prestano attivit\u00e0 di assistenza e consulenza con riferimento a concorsi e operazioni a premio. I soggetti appartenenti alle predette categorie trattano i dati personali in qualit\u00e0 di autonomi titolari del trattamento, ovvero, solitamente, in qualit\u00e0 di responsabili del trattamento, con riferimento a specifiche operazioni di trattamento che rientrano nelle prestazioni contrattuali che i soggetti medesimi eseguono a favore\/nell&#8217;interesse di Modena Volley Punto Zero S.s.d. a r.l.; ai responsabili del trattamento Modena Volley Punto Zero S.s.d. a r.l. impartisce adeguate istruzioni operative scritte, con particolare riferimento all&#8217;adozione delle misure minime di sicurezza, al fine di\u00a0poter garantire la riservatezza e la sicurezza dei dati.<\/p>\n<p>\u00c8 disponibile, previa richiesta scritta da inviarsi presso la sede di Modena Volley Punto Zero S.s.d. a r.l., l\u2019elenco, soggetto ad aggiornamento periodico, dei responsabili del trattamento con cui Modena Volley Punto Zero S.s.d. a r.l. stessa intrattiene rapporti.<\/p>\n<p>I dati personali possono, inoltre, essere comunicati, in caso di richiesta, alle autorit\u00e0 competenti, in adempimento di obblighi derivanti da norme inderogabili di legge.<\/p>\n<p>(8b) Trasferimento dei dati personali verso Paesi terzi<\/p>\n<p>I dati personali del Cliente\/interessato possono anche, eccezionalmente, essere trasferiti all&#8217;estero, sia in Paesi dell\u2019Unione Europea che in Paesi al di fuori dell\u2019Unione Europea e, in quest\u2019ultimo caso, o sulla base di una decisione di adeguatezza, o nell&#8217;ambito e con le garanzie adeguate previste dal GDPR (dunque, in particolare, in presenza di clausole contrattuali tipo di protezione dei dati approvate dalla Commissione Europea), o, al di fuori delle ipotesi sopra richiamate, ricorrendo una o pi\u00f9 delle deroghe previste dal GDPR (in particolare, in forza di esplicito consenso del Cliente\/interessato, o per l\u2019esecuzione del Contratto concluso dal Cliente\/interessato, ovvero per l\u2019esecuzione di un contratto stipulato tra Modena Volley Punto Zero S.s.d. a r.l. e un\u2019altra persona fisica o giuridica a favore del Cliente\/interessato, segnatamente per l\u2019esecuzione di attivit\u00e0 a questa demandate da Modena Volley Punto Zero S.s.d. a r.l. medesima per l\u2019esecuzione del Contratto concluso con il Cliente\/interessato). Con riferimento ai trasferimenti di dati verso Paesi al di fuori dell\u2019Unione Europea, al Cliente\/interessato \u00e8 consentito, previa richiesta scritta da inviarsi presso la sede di Modena Volley Punto Zero S.s.d. a r.l., di conoscere le garanzie adeguate (e, in ipotesi, di avere copia del documento che illustra le clausole contrattuali stipulate con l\u2019importatore dei dati e volte a fornire garanzie adeguate per la tutela della vita privata, dei diritti e delle libert\u00e0 fondamentali delle persone, con riguardo al trattamento dei dati personali), ovvero le deroghe, che legittimano il trattamento\u00a0transfrontaliero. Resta inteso, in ipotesi di trasferimento dei dati verso Paesi al di fuori dell\u2019Unione Europea, che per ogni richiesta inerente i dati, anche per l\u2019esercizio dei diritti riconosciuti dal GDPR al Cliente\/interessato, questo potr\u00e0 sempre validamente rivolgersi a Modena Volley Punto Zero S.s.d. a r.l..<\/p>\n<p>Criteri per determinare il periodo di conservazione dei dati personaliPer le finalit\u00e0 di cui al punto (4a) che precede, il periodo di conservazione dei dati personali rilasciati dal Cliente\/interessato, ed il conseguente loro potenziale trattamento, coincide con il periodo di prescrizione dei diritti\/doveri (legali, fiscali, ecc.) discendenti dal Contratto: tendenzialmente 10 anni,<br \/>\nquindi, salvo il verificarsi di eventi interruttivi della prescrizione che potrebbero prolungare, di fatto, detto periodo.<\/p>\n<p>Per le finalit\u00e0 di cui al punto (4b) che precede, il periodo di potenziale trattamento dei dati termina con la revoca del consenso preventivamente rilasciato dal Cliente\/interessato.<\/p>\n<p>Diritti del Cliente\/interessatoModena Volley Punto Zero S.s.d. a r.l. riconosce \u2013 ed agevola l\u2019esercizio, da parte del Cliente\/interessato, di \u2013 tutti i diritti previsti dal GDPR, in particolare il diritto di chiedere l\u2019accesso ai propri dati personali e di estrarne copia (art. 15 GDPR), alla rettifica (art. 16 GDPR) ed alla cancellazione degli stessi (art. 17 GDPR), alla limitazione del trattamento che lo riguardi (art. 18 GDPR), alla portabilit\u00e0 dei dati (art. 20 GDPR, ove ne ricorrano i presupposti) e di opporsi al\u00a0trattamento che lo riguardi (artt. 21 e 22 GDPR, per le ipotesi ivi menzionate e, in particolare, al trattamento per finalit\u00e0 di marketing o che si traduca in un processo decisionale automatizzato, compresa la profilazione, che produca effetti giuridici che lo riguardano, ove ne ricorrano i presupposti).<\/p>\n<p>Modena Volley Punto Zero S.s.d. a r.l. riconosce, altres\u00ec, al Cliente\/interessato, qualora il trattamento sia basato sul consenso, il diritto di revocare detto consenso in qualsiasi momento, senza pregiudicare la liceit\u00e0 del trattamento basata sul consenso prestato prima della revoca. Per fare ci\u00f2, il Cliente\/interessato pu\u00f2 disiscriversi in ogni momento sul Sito (o su altre applicazioni social o web di Modena Volley Punto Zero S.s.d. a r.l.) o utilizzando l\u2019apposito link presente in calce ad ogni comunicazione commerciale ricevuta, oppure contattando Modena Volley Punto Zero S.s.d. a r.l. ai recapiti sopra riportati.<\/p>\n<p>Modena Volley Punto Zero S.s.d. a r.l. informa, inoltre, il Cliente\/interessato del diritto di proporre reclamo all&#8217;Autorit\u00e0 Garante per la Protezione dei Dati Personali, quale autorit\u00e0 di controllo operante in Italia, e di proporre ricorso giurisdizionale, tanto avverso una decisione dell\u2019Autorit\u00e0 Garante, quanto nei confronti di Modena Volley Punto Zero S.s.d. a r.l. stessa e\/o di un responsabile del trattamento.<\/p>\n<p>Sicurezza dei sistemi e dei dati personaliTenendo conto dello stato dell\u2019arte e dei costi di attuazione, nonch\u00e9 della natura, dell&#8217;oggetto, del contesto e delle finalit\u00e0 del trattamento, come anche del rischio, in termini di probabilit\u00e0 e gravit\u00e0, per i diritti e le libert\u00e0 delle persone fisiche, Modena Volley Punto Zero S.s.d. a r.l. adotta misure tecniche ed organizzative ritenute appropriate a garantire un livello di sicurezza adeguato al rischio, in particolare assicurando, su base permanente, la riservatezza, l\u2019integrit\u00e0, la disponibilit\u00e0 e la resilienza dei sistemi e dei servizi di trattamento (anche attraverso la cifratura dei dati personali, ove necessario) e la capacit\u00e0 di ripristinare tempestivamente la disponibilit\u00e0 dei dati in caso di incidente fisico o tecnico, ed adottando procedure interne dirette a testare, verificare e valutare regolarmente l\u2019efficacia delle misure tecniche e organizzative impiegate.<\/p>\n<p>Nel valutare l\u2019adeguato livello di sicurezza, si tiene conto dei rischi presentati dal trattamento che derivano, in particolare, dalla distruzione, dalla perdita, dalla modifica, dalla divulgazione non autorizzata o dall&#8217;accesso, in modo accidentale o illegale, a dati personali trasmessi, conservati o comunque trattati.<\/p>\n<p>Modena Volley Punto Zero S.s.d. a r.l. si adopera affinch\u00e9 chiunque agisca sotto la propria autorit\u00e0 ed abbia accesso a dati personali non tratti tali dati se non \u00e8 istruito in tal senso dalla medesima Modena Volley Punto Zero S.s.d. a r.l..<\/p>\n<p>Ci\u00f2 detto, il Cliente\/interessato prende atto ed accetta che nessun sistema di sicurezza garantisce, in termini di certezza, la protezione assoluta; pertanto, Modena Volley Punto Zero S.s.d. a r.l. non risponde per atti o fatti di terzi che abusivamente, nonostante le adeguate cautele adottate, dovessero accedere ai sistemi senza le dovute autorizzazioni.<\/p>\n<p>Processi decisionali automatizzati, compresa la profilazioneModena Volley Punto Zero S.s.d. a r.l. non effettua alcun trattamento automatizzato che produca effetti giuridici che riguardano il Cliente\/interessato o che incidano in modo analogo significativamente sulla sua persona, salvo che ci\u00f2 sia necessario per la conclusione o l\u2019esecuzione del Contratto, sia autorizzato dalla legge o si basi sul consenso esplicito del Cliente\/interessato, in ogni caso sempre riconoscendo a quest\u2019ultimo il diritto di ottenere l\u2019intervento umano, di esprimere la propria opinione e di contestare la decisione.<\/p>\n<p>[\/vc_column_text][\/vc_column][\/vc_row]<\/p>\n<\/div>","protected":false},"excerpt":{"rendered":"<p>INFORMATIVA ESTESA AI SENSI DEGLI ARTT. 12, 13 E, OCCORRENDO, 14 DEL GDPR \u2013 REGOLAMENTO (UE) 2016\/679 RELATIVO ALLA PROTEZIONE DELLE PERSONE FISICHE, CON RIGUARDO AL TRATTAMENTO DEI DATI PERSONALI (DI SEGUITO IL GDPR)<\/p>\n","protected":false},"author":1,"featured_media":0,"parent":0,"menu_order":0,"comment_status":"closed","ping_status":"open","template":"","meta":{"footnotes":""},"class_list":["post-10963","page","type-page","status-publish","hentry"],"_links":{"self":[{"href":"https:\/\/summercamp.modenavolley.it\/en\/wp-json\/wp\/v2\/pages\/10963","targetHints":{"allow":["GET"]}}],"collection":[{"href":"https:\/\/summercamp.modenavolley.it\/en\/wp-json\/wp\/v2\/pages"}],"about":[{"href":"https:\/\/summercamp.modenavolley.it\/en\/wp-json\/wp\/v2\/types\/page"}],"author":[{"embeddable":true,"href":"https:\/\/summercamp.modenavolley.it\/en\/wp-json\/wp\/v2\/users\/1"}],"replies":[{"embeddable":true,"href":"https:\/\/summercamp.modenavolley.it\/en\/wp-json\/wp\/v2\/comments?post=10963"}],"version-history":[{"count":4,"href":"https:\/\/summercamp.modenavolley.it\/en\/wp-json\/wp\/v2\/pages\/10963\/revisions"}],"predecessor-version":[{"id":10971,"href":"https:\/\/summercamp.modenavolley.it\/en\/wp-json\/wp\/v2\/pages\/10963\/revisions\/10971"}],"wp:attachment":[{"href":"https:\/\/summercamp.modenavolley.it\/en\/wp-json\/wp\/v2\/media?parent=10963"}],"curies":[{"name":"wp","href":"https:\/\/api.w.org\/{rel}","templated":true}]}}